{"id":3183,"date":"2025-07-02T14:15:27","date_gmt":"2025-07-02T13:15:27","guid":{"rendered":"https:\/\/vatelier.fr\/?page_id=3183"},"modified":"2025-08-27T10:37:12","modified_gmt":"2025-08-27T09:37:12","slug":"atelier-velo-la-valve-2","status":"publish","type":"page","link":"https:\/\/vatelier.fr\/index.php\/atelier-velo-la-valve-2\/","title":{"rendered":"Atelier v\u00e9lo \u00ab\u00a0La VALve\u00a0\u00bb"},"content":{"rendered":"\n<p align=\"center\">Envie de r\u00e9parer ton v\u00e9lo<strong> sans qu\u2019on te chippe les outils des mains\u00a0?<img loading=\"lazy\" decoding=\"async\" class=\"wp-image-3184 alignright\" src=\"http:\/\/vatelier.fr\/wp-content\/uploads\/2025\/07\/perm-VALve-1024x768.jpg\" alt=\"\" width=\"350\" height=\"263\" srcset=\"https:\/\/vatelier.fr\/wp-content\/uploads\/2025\/07\/perm-VALve-1024x768.jpg 1024w, https:\/\/vatelier.fr\/wp-content\/uploads\/2025\/07\/perm-VALve-300x225.jpg 300w, https:\/\/vatelier.fr\/wp-content\/uploads\/2025\/07\/perm-VALve-768x576.jpg 768w, https:\/\/vatelier.fr\/wp-content\/uploads\/2025\/07\/perm-VALve-1536x1152.jpg 1536w, https:\/\/vatelier.fr\/wp-content\/uploads\/2025\/07\/perm-VALve-750x563.jpg 750w, https:\/\/vatelier.fr\/wp-content\/uploads\/2025\/07\/perm-VALve-400x300.jpg 400w, https:\/\/vatelier.fr\/wp-content\/uploads\/2025\/07\/perm-VALve-430x323.jpg 430w, https:\/\/vatelier.fr\/wp-content\/uploads\/2025\/07\/perm-VALve-150x113.jpg 150w, https:\/\/vatelier.fr\/wp-content\/uploads\/2025\/07\/perm-VALve-100x75.jpg 100w, https:\/\/vatelier.fr\/wp-content\/uploads\/2025\/07\/perm-VALve.jpg 2048w\" sizes=\"auto, (max-width: 350px) 100vw, 350px\" \/><br \/><\/strong><\/p>\n<p align=\"center\">Besoin d\u2019un climat bienveillant et de b\u00e9n\u00e9voles vigilant.e.s aux rapports de domination ?<\/p>\n<p align=\"center\"><strong>Soif d\u2019apprendre la m\u00e9canique v\u00e9lo<\/strong> mais aussi de mener des actions militantes pour la mobilit\u00e9 douce\u00a0?<\/p>\n<p align=\"center\">Curieux.se de fabriquer des trucs g\u00e9niaux \u00e0 base de pi\u00e8ces de v\u00e9lo lors d\u2019ateliers\u00a0?<\/p>\n<p align=\"center\">Et pourquoi pas <strong>manger des chips avec les doigts plein de cambouis<\/strong> en fin de permanence\u2026..<\/p>\n<p>Tu peux consulter l\u2019agendas des permanences dans le programme. Pas besoin de s\u2019inscrire pour venir ! Mais si tu pr\u00e9viens, c&rsquo;est mieux.<\/p>\n<p>Mais bon <b>si t\u2019as un super v\u00e9lo qu\u2019\u00e0 pas besoin d\u2019\u00eatre r\u00e9par\u00e9<\/b>, tu peux quand m\u00eame venir\u00a0! On se lance, on se construit et on cherche des passionn\u00e9.es. Alors si tu as <b>envie de d\u00e9monter<\/b> des v\u00e9los, d\u2019animer un atelier de rayonnage de roue ou de <b>participer \u00e0 la fabrica<\/b><b>tion<\/b><b> <\/b><b>d\u2019<\/b><b>une table en jantes \u00e0 boyaux, <\/b>viens nous rejoindre.<\/p>\n<p>Il y aussi de la place pour toi si tu veux <b>accompagner les gens \u00e0 r\u00e9parer leur v\u00e9lo<\/b>, nous aider \u00e0 diffuser l\u2019initiative d\u2019atelier v\u00e9lo la VALve, <b>imagine<\/b><b>r des actions publiques<\/b> pour le v\u00e9lo en ville.<\/p>\n<h3 style=\"text-align: center;\">CONTACT : <span style=\"color: #000000;\">\u00a0<\/span><a href=\"mailto:ateliervelo@vatelier.fr\" target=\"_blank\" rel=\"noopener\">ateliervelo (@t) vatelier.fr<\/a><span style=\"color: #000000;\">. <\/span><\/h3>\n<p><em><span style=\"color: #000000;\">On peut t&rsquo;inscrire sur la mailing list de la VALve on y fait circuler les infos et des agendas pour s&rsquo;inscrire en tant que b\u00e9n\u00e9voles aux permanences.<\/span><\/em><\/p>\n<p><img loading=\"lazy\" decoding=\"async\" class=\"aligncenter size-large wp-image-3192\" src=\"http:\/\/vatelier.fr\/wp-content\/uploads\/2025\/07\/LOGO_La-Valve_Aelier-velo-724x1024.jpg\" alt=\"\" width=\"724\" height=\"1024\" srcset=\"https:\/\/vatelier.fr\/wp-content\/uploads\/2025\/07\/LOGO_La-Valve_Aelier-velo-724x1024.jpg 724w, https:\/\/vatelier.fr\/wp-content\/uploads\/2025\/07\/LOGO_La-Valve_Aelier-velo-212x300.jpg 212w, https:\/\/vatelier.fr\/wp-content\/uploads\/2025\/07\/LOGO_La-Valve_Aelier-velo-768x1086.jpg 768w, https:\/\/vatelier.fr\/wp-content\/uploads\/2025\/07\/LOGO_La-Valve_Aelier-velo-543x768.jpg 543w, https:\/\/vatelier.fr\/wp-content\/uploads\/2025\/07\/LOGO_La-Valve_Aelier-velo-1086x1536.jpg 1086w, https:\/\/vatelier.fr\/wp-content\/uploads\/2025\/07\/LOGO_La-Valve_Aelier-velo-1448x2048.jpg 1448w, https:\/\/vatelier.fr\/wp-content\/uploads\/2025\/07\/LOGO_La-Valve_Aelier-velo-750x1060.jpg 750w, https:\/\/vatelier.fr\/wp-content\/uploads\/2025\/07\/LOGO_La-Valve_Aelier-velo-400x566.jpg 400w, https:\/\/vatelier.fr\/wp-content\/uploads\/2025\/07\/LOGO_La-Valve_Aelier-velo-430x608.jpg 430w, https:\/\/vatelier.fr\/wp-content\/uploads\/2025\/07\/LOGO_La-Valve_Aelier-velo-150x212.jpg 150w, https:\/\/vatelier.fr\/wp-content\/uploads\/2025\/07\/LOGO_La-Valve_Aelier-velo-100x141.jpg 100w\" sizes=\"auto, (max-width: 724px) 100vw, 724px\" \/><\/p>\n","protected":false},"excerpt":{"rendered":"<p>Envie de r\u00e9parer ton v\u00e9lo sans qu\u2019on te chippe les outils des mains\u00a0? Besoin d\u2019un climat bienveillant et de b\u00e9n\u00e9voles vigilant.e.s aux rapports de domination ? Soif d\u2019apprendre la m\u00e9canique [&hellip;]<\/p>\n","protected":false},"author":1,"featured_media":0,"parent":0,"menu_order":0,"comment_status":"closed","ping_status":"closed","template":"","meta":{"footnotes":""},"class_list":["post-3183","page","type-page","status-publish","hentry"],"yoast_head":"<!-- This site is optimized with the Yoast SEO plugin v27.5 - https:\/\/yoast.com\/product\/yoast-seo-wordpress\/ -->\n<title>Atelier v\u00e9lo &quot;La VALve&quot; - Valence Atelier Libre<\/title>\n<meta name=\"robots\" content=\"index, follow, max-snippet:-1, max-image-preview:large, max-video-preview:-1\" \/>\n<link rel=\"canonical\" href=\"https:\/\/vatelier.fr\/index.php\/atelier-velo-la-valve-2\/\" \/>\n<meta property=\"og:locale\" content=\"fr_FR\" \/>\n<meta property=\"og:type\" content=\"article\" \/>\n<meta property=\"og:title\" content=\"Atelier v\u00e9lo &quot;La VALve&quot; - Valence Atelier Libre\" \/>\n<meta property=\"og:description\" content=\"Envie de r\u00e9parer ton v\u00e9lo sans qu\u2019on te chippe les outils des mains\u00a0? Besoin d\u2019un climat bienveillant et de b\u00e9n\u00e9voles vigilant.e.s aux rapports de domination ? Soif d\u2019apprendre la m\u00e9canique [&hellip;]\" \/>\n<meta property=\"og:url\" content=\"https:\/\/vatelier.fr\/index.php\/atelier-velo-la-valve-2\/\" \/>\n<meta property=\"og:site_name\" content=\"Valence Atelier Libre\" \/>\n<meta property=\"article:modified_time\" content=\"2025-08-27T09:37:12+00:00\" \/>\n<meta property=\"og:image\" content=\"http:\/\/vatelier.fr\/wp-content\/uploads\/2025\/07\/perm-VALve-1024x768.jpg\" \/>\n<meta name=\"twitter:card\" content=\"summary_large_image\" \/>\n<meta name=\"twitter:label1\" content=\"Dur\u00e9e de lecture estim\u00e9e\" \/>\n\t<meta name=\"twitter:data1\" content=\"2 minutes\" \/>\n<script type=\"application\/ld+json\" class=\"yoast-schema-graph\">{\"@context\":\"https:\\\/\\\/schema.org\",\"@graph\":[{\"@type\":\"WebPage\",\"@id\":\"https:\\\/\\\/vatelier.fr\\\/index.php\\\/atelier-velo-la-valve-2\\\/\",\"url\":\"https:\\\/\\\/vatelier.fr\\\/index.php\\\/atelier-velo-la-valve-2\\\/\",\"name\":\"Atelier v\u00e9lo \\\"La VALve\\\" - Valence Atelier Libre\",\"isPartOf\":{\"@id\":\"https:\\\/\\\/vatelier.fr\\\/#website\"},\"primaryImageOfPage\":{\"@id\":\"https:\\\/\\\/vatelier.fr\\\/index.php\\\/atelier-velo-la-valve-2\\\/#primaryimage\"},\"image\":{\"@id\":\"https:\\\/\\\/vatelier.fr\\\/index.php\\\/atelier-velo-la-valve-2\\\/#primaryimage\"},\"thumbnailUrl\":\"http:\\\/\\\/vatelier.fr\\\/wp-content\\\/uploads\\\/2025\\\/07\\\/perm-VALve-1024x768.jpg\",\"datePublished\":\"2025-07-02T13:15:27+00:00\",\"dateModified\":\"2025-08-27T09:37:12+00:00\",\"breadcrumb\":{\"@id\":\"https:\\\/\\\/vatelier.fr\\\/index.php\\\/atelier-velo-la-valve-2\\\/#breadcrumb\"},\"inLanguage\":\"fr-FR\",\"potentialAction\":[{\"@type\":\"ReadAction\",\"target\":[\"https:\\\/\\\/vatelier.fr\\\/index.php\\\/atelier-velo-la-valve-2\\\/\"]}]},{\"@type\":\"ImageObject\",\"inLanguage\":\"fr-FR\",\"@id\":\"https:\\\/\\\/vatelier.fr\\\/index.php\\\/atelier-velo-la-valve-2\\\/#primaryimage\",\"url\":\"https:\\\/\\\/vatelier.fr\\\/wp-content\\\/uploads\\\/2025\\\/07\\\/perm-VALve.jpg\",\"contentUrl\":\"https:\\\/\\\/vatelier.fr\\\/wp-content\\\/uploads\\\/2025\\\/07\\\/perm-VALve.jpg\",\"width\":2048,\"height\":1536},{\"@type\":\"BreadcrumbList\",\"@id\":\"https:\\\/\\\/vatelier.fr\\\/index.php\\\/atelier-velo-la-valve-2\\\/#breadcrumb\",\"itemListElement\":[{\"@type\":\"ListItem\",\"position\":1,\"name\":\"Accueil\",\"item\":\"https:\\\/\\\/vatelier.fr\\\/\"},{\"@type\":\"ListItem\",\"position\":2,\"name\":\"Atelier v\u00e9lo \u00ab\u00a0La VALve\u00a0\u00bb\"}]},{\"@type\":\"WebSite\",\"@id\":\"https:\\\/\\\/vatelier.fr\\\/#website\",\"url\":\"https:\\\/\\\/vatelier.fr\\\/\",\"name\":\"Valence Atelier Libre\",\"description\":\"Association de partage de savoir-faire\",\"publisher\":{\"@id\":\"https:\\\/\\\/vatelier.fr\\\/#organization\"},\"potentialAction\":[{\"@type\":\"SearchAction\",\"target\":{\"@type\":\"EntryPoint\",\"urlTemplate\":\"https:\\\/\\\/vatelier.fr\\\/?s={search_term_string}\"},\"query-input\":{\"@type\":\"PropertyValueSpecification\",\"valueRequired\":true,\"valueName\":\"search_term_string\"}}],\"inLanguage\":\"fr-FR\"},{\"@type\":\"Organization\",\"@id\":\"https:\\\/\\\/vatelier.fr\\\/#organization\",\"name\":\"Valence Atelier Libre\",\"url\":\"https:\\\/\\\/vatelier.fr\\\/\",\"logo\":{\"@type\":\"ImageObject\",\"inLanguage\":\"fr-FR\",\"@id\":\"https:\\\/\\\/vatelier.fr\\\/#\\\/schema\\\/logo\\\/image\\\/\",\"url\":\"http:\\\/\\\/vatelier.fr\\\/wp-content\\\/uploads\\\/2016\\\/02\\\/logo-jeanne.png\",\"contentUrl\":\"http:\\\/\\\/vatelier.fr\\\/wp-content\\\/uploads\\\/2016\\\/02\\\/logo-jeanne.png\",\"width\":906,\"height\":843,\"caption\":\"Valence Atelier Libre\"},\"image\":{\"@id\":\"https:\\\/\\\/vatelier.fr\\\/#\\\/schema\\\/logo\\\/image\\\/\"}}]}<\/script>\n<!-- \/ Yoast SEO plugin. -->","yoast_head_json":{"title":"Atelier v\u00e9lo \"La VALve\" - Valence Atelier Libre","robots":{"index":"index","follow":"follow","max-snippet":"max-snippet:-1","max-image-preview":"max-image-preview:large","max-video-preview":"max-video-preview:-1"},"canonical":"https:\/\/vatelier.fr\/index.php\/atelier-velo-la-valve-2\/","og_locale":"fr_FR","og_type":"article","og_title":"Atelier v\u00e9lo \"La VALve\" - Valence Atelier Libre","og_description":"Envie de r\u00e9parer ton v\u00e9lo sans qu\u2019on te chippe les outils des mains\u00a0? Besoin d\u2019un climat bienveillant et de b\u00e9n\u00e9voles vigilant.e.s aux rapports de domination ? Soif d\u2019apprendre la m\u00e9canique [&hellip;]","og_url":"https:\/\/vatelier.fr\/index.php\/atelier-velo-la-valve-2\/","og_site_name":"Valence Atelier Libre","article_modified_time":"2025-08-27T09:37:12+00:00","og_image":[{"url":"http:\/\/vatelier.fr\/wp-content\/uploads\/2025\/07\/perm-VALve-1024x768.jpg","type":"","width":"","height":""}],"twitter_card":"summary_large_image","twitter_misc":{"Dur\u00e9e de lecture estim\u00e9e":"2 minutes"},"schema":{"@context":"https:\/\/schema.org","@graph":[{"@type":"WebPage","@id":"https:\/\/vatelier.fr\/index.php\/atelier-velo-la-valve-2\/","url":"https:\/\/vatelier.fr\/index.php\/atelier-velo-la-valve-2\/","name":"Atelier v\u00e9lo \"La VALve\" - Valence Atelier Libre","isPartOf":{"@id":"https:\/\/vatelier.fr\/#website"},"primaryImageOfPage":{"@id":"https:\/\/vatelier.fr\/index.php\/atelier-velo-la-valve-2\/#primaryimage"},"image":{"@id":"https:\/\/vatelier.fr\/index.php\/atelier-velo-la-valve-2\/#primaryimage"},"thumbnailUrl":"http:\/\/vatelier.fr\/wp-content\/uploads\/2025\/07\/perm-VALve-1024x768.jpg","datePublished":"2025-07-02T13:15:27+00:00","dateModified":"2025-08-27T09:37:12+00:00","breadcrumb":{"@id":"https:\/\/vatelier.fr\/index.php\/atelier-velo-la-valve-2\/#breadcrumb"},"inLanguage":"fr-FR","potentialAction":[{"@type":"ReadAction","target":["https:\/\/vatelier.fr\/index.php\/atelier-velo-la-valve-2\/"]}]},{"@type":"ImageObject","inLanguage":"fr-FR","@id":"https:\/\/vatelier.fr\/index.php\/atelier-velo-la-valve-2\/#primaryimage","url":"https:\/\/vatelier.fr\/wp-content\/uploads\/2025\/07\/perm-VALve.jpg","contentUrl":"https:\/\/vatelier.fr\/wp-content\/uploads\/2025\/07\/perm-VALve.jpg","width":2048,"height":1536},{"@type":"BreadcrumbList","@id":"https:\/\/vatelier.fr\/index.php\/atelier-velo-la-valve-2\/#breadcrumb","itemListElement":[{"@type":"ListItem","position":1,"name":"Accueil","item":"https:\/\/vatelier.fr\/"},{"@type":"ListItem","position":2,"name":"Atelier v\u00e9lo \u00ab\u00a0La VALve\u00a0\u00bb"}]},{"@type":"WebSite","@id":"https:\/\/vatelier.fr\/#website","url":"https:\/\/vatelier.fr\/","name":"Valence Atelier Libre","description":"Association de partage de savoir-faire","publisher":{"@id":"https:\/\/vatelier.fr\/#organization"},"potentialAction":[{"@type":"SearchAction","target":{"@type":"EntryPoint","urlTemplate":"https:\/\/vatelier.fr\/?s={search_term_string}"},"query-input":{"@type":"PropertyValueSpecification","valueRequired":true,"valueName":"search_term_string"}}],"inLanguage":"fr-FR"},{"@type":"Organization","@id":"https:\/\/vatelier.fr\/#organization","name":"Valence Atelier Libre","url":"https:\/\/vatelier.fr\/","logo":{"@type":"ImageObject","inLanguage":"fr-FR","@id":"https:\/\/vatelier.fr\/#\/schema\/logo\/image\/","url":"http:\/\/vatelier.fr\/wp-content\/uploads\/2016\/02\/logo-jeanne.png","contentUrl":"http:\/\/vatelier.fr\/wp-content\/uploads\/2016\/02\/logo-jeanne.png","width":906,"height":843,"caption":"Valence Atelier Libre"},"image":{"@id":"https:\/\/vatelier.fr\/#\/schema\/logo\/image\/"}}]}},"_links":{"self":[{"href":"https:\/\/vatelier.fr\/index.php\/wp-json\/wp\/v2\/pages\/3183","targetHints":{"allow":["GET"]}}],"collection":[{"href":"https:\/\/vatelier.fr\/index.php\/wp-json\/wp\/v2\/pages"}],"about":[{"href":"https:\/\/vatelier.fr\/index.php\/wp-json\/wp\/v2\/types\/page"}],"author":[{"embeddable":true,"href":"https:\/\/vatelier.fr\/index.php\/wp-json\/wp\/v2\/users\/1"}],"replies":[{"embeddable":true,"href":"https:\/\/vatelier.fr\/index.php\/wp-json\/wp\/v2\/comments?post=3183"}],"version-history":[{"count":4,"href":"https:\/\/vatelier.fr\/index.php\/wp-json\/wp\/v2\/pages\/3183\/revisions"}],"predecessor-version":[{"id":3195,"href":"https:\/\/vatelier.fr\/index.php\/wp-json\/wp\/v2\/pages\/3183\/revisions\/3195"}],"wp:attachment":[{"href":"https:\/\/vatelier.fr\/index.php\/wp-json\/wp\/v2\/media?parent=3183"}],"curies":[{"name":"wp","href":"https:\/\/api.w.org\/{rel}","templated":true}]}}