{"id":829,"date":"2017-07-24T22:27:25","date_gmt":"2017-07-24T21:27:25","guid":{"rendered":"http:\/\/vatelier.fr\/?page_id=829"},"modified":"2020-03-30T15:45:47","modified_gmt":"2020-03-30T13:45:47","slug":"liste-des-materiaux","status":"publish","type":"page","link":"https:\/\/vatelier.fr\/index.php\/liste-des-materiaux\/","title":{"rendered":"liste des mat\u00e9riaux r\u00e9cup\u00e9r\u00e9s"},"content":{"rendered":"<p><span style=\"color: #000000;\">La Mat\u00e9riauth\u00e8que de l&rsquo;Atelier Libre r\u00e9cup\u00e8re et met \u00e0 disposition tous types <strong>de mat\u00e9riaux, objets et outils n\u00e9cessaires au bricolage, \u00e0 la construction, am\u00e9nagement, r\u00e9novation-r\u00e9paration, d\u00e9coration et jardinage.<\/strong> Une mat\u00e9riauth\u00e8que n&rsquo;est pas la m\u00eame chose qu&rsquo;une recyclerie type EMAUS.&nbsp; <strong>Nous ne prenons pas de v\u00eatement, pas de porcelaine, pas d&rsquo;\u00e9lectrom\u00e9nager, PAS DE MEUBLE, pas de jouet etc&#8230;<\/strong><br \/>\n<\/span><\/p>\n<p><span style=\"color: #000000;\">Nous ne r\u00e9cup\u00e9rons que des mat\u00e9riaux qui sont en \u00c9TAT D&rsquo;USAGE (donc encore utilisable), nous ne prenons pas de mat\u00e9riaux trop us\u00e9s, outils cass\u00e9s, etc. Nous ne r\u00e9parons pas les outils ou \u00e9l\u00e9ments endommag\u00e9s et parfois refusons certains mat\u00e9riaux car nos stocks sont d\u00e9j\u00e0 trop pleins&#8230;<br \/>\n<\/span><\/p>\n<p>pour toute question : <em>\u00a0\u00bbavez-vous <strong>cela<\/strong> en ce moment\u00a0\u00bb<\/em> ou <em>\u00a0\u00bbpuis-je vous apporter <strong>ceci<\/strong> ? \u00a0\u00bb, <\/em>n&rsquo;h\u00e9sitez pas \u00e0 t\u00e9l\u00e9phoner au 07 51 54 02 58 (pendant les horaire d&rsquo;ouverture) ou sinon par mail materiautheque(at)vatelier.fr<\/p>\n<p><span style=\"color: #000000;\">Voici une liste (non exhaustive, qui donne seulement une id\u00e9e) des mat\u00e9riaux r\u00e9cup\u00e9r\u00e9s&nbsp;:<\/span><\/p>\n<p><img loading=\"lazy\" decoding=\"async\" class=\"aligncenter size-full wp-image-1360\" style=\"color: #000000;\" src=\"http:\/\/vatelier.fr\/wp-content\/uploads\/2020\/02\/liste_mat\u00e9riaux_MAL-scaled.jpg\" alt=\"\" width=\"1809\" height=\"2560\" srcset=\"https:\/\/vatelier.fr\/wp-content\/uploads\/2020\/02\/liste_mat\u00e9riaux_MAL-scaled.jpg 1809w, https:\/\/vatelier.fr\/wp-content\/uploads\/2020\/02\/liste_mat\u00e9riaux_MAL-212x300.jpg 212w, https:\/\/vatelier.fr\/wp-content\/uploads\/2020\/02\/liste_mat\u00e9riaux_MAL-724x1024.jpg 724w, https:\/\/vatelier.fr\/wp-content\/uploads\/2020\/02\/liste_mat\u00e9riaux_MAL-768x1087.jpg 768w, https:\/\/vatelier.fr\/wp-content\/uploads\/2020\/02\/liste_mat\u00e9riaux_MAL-543x768.jpg 543w, https:\/\/vatelier.fr\/wp-content\/uploads\/2020\/02\/liste_mat\u00e9riaux_MAL-1086x1536.jpg 1086w, https:\/\/vatelier.fr\/wp-content\/uploads\/2020\/02\/liste_mat\u00e9riaux_MAL-1448x2048.jpg 1448w, https:\/\/vatelier.fr\/wp-content\/uploads\/2020\/02\/liste_mat\u00e9riaux_MAL-750x1061.jpg 750w, https:\/\/vatelier.fr\/wp-content\/uploads\/2020\/02\/liste_mat\u00e9riaux_MAL-400x566.jpg 400w, https:\/\/vatelier.fr\/wp-content\/uploads\/2020\/02\/liste_mat\u00e9riaux_MAL-430x608.jpg 430w, https:\/\/vatelier.fr\/wp-content\/uploads\/2020\/02\/liste_mat\u00e9riaux_MAL-150x212.jpg 150w, https:\/\/vatelier.fr\/wp-content\/uploads\/2020\/02\/liste_mat\u00e9riaux_MAL-100x141.jpg 100w\" sizes=\"auto, (max-width: 1809px) 100vw, 1809px\" \/><\/p>\n<p>&nbsp;<\/p>\n<p>&nbsp;<\/p>\n","protected":false},"excerpt":{"rendered":"<p>La Mat\u00e9riauth\u00e8que de l&rsquo;Atelier Libre r\u00e9cup\u00e8re et met \u00e0 disposition tous types de mat\u00e9riaux, objets et outils n\u00e9cessaires au bricolage, \u00e0 la construction, am\u00e9nagement, r\u00e9novation-r\u00e9paration, d\u00e9coration et jardinage. Une mat\u00e9riauth\u00e8que [&hellip;]<\/p>\n","protected":false},"author":1,"featured_media":0,"parent":0,"menu_order":0,"comment_status":"closed","ping_status":"closed","template":"page_fullwidth.php","meta":{"footnotes":""},"class_list":["post-829","page","type-page","status-publish","hentry"],"yoast_head":"<!-- This site is optimized with the Yoast SEO plugin v27.5 - https:\/\/yoast.com\/product\/yoast-seo-wordpress\/ -->\n<title>liste des mat\u00e9riaux r\u00e9cup\u00e9r\u00e9s - Valence Atelier Libre<\/title>\n<meta name=\"robots\" content=\"index, follow, max-snippet:-1, max-image-preview:large, max-video-preview:-1\" \/>\n<link rel=\"canonical\" href=\"https:\/\/vatelier.fr\/index.php\/liste-des-materiaux\/\" \/>\n<meta property=\"og:locale\" content=\"fr_FR\" \/>\n<meta property=\"og:type\" content=\"article\" \/>\n<meta property=\"og:title\" content=\"liste des mat\u00e9riaux r\u00e9cup\u00e9r\u00e9s - Valence Atelier Libre\" \/>\n<meta property=\"og:description\" content=\"La Mat\u00e9riauth\u00e8que de l&rsquo;Atelier Libre r\u00e9cup\u00e8re et met \u00e0 disposition tous types de mat\u00e9riaux, objets et outils n\u00e9cessaires au bricolage, \u00e0 la construction, am\u00e9nagement, r\u00e9novation-r\u00e9paration, d\u00e9coration et jardinage. Une mat\u00e9riauth\u00e8que [&hellip;]\" \/>\n<meta property=\"og:url\" content=\"https:\/\/vatelier.fr\/index.php\/liste-des-materiaux\/\" \/>\n<meta property=\"og:site_name\" content=\"Valence Atelier Libre\" \/>\n<meta property=\"article:modified_time\" content=\"2020-03-30T13:45:47+00:00\" \/>\n<meta name=\"twitter:card\" content=\"summary_large_image\" \/>\n<meta name=\"twitter:label1\" content=\"Dur\u00e9e de lecture estim\u00e9e\" \/>\n\t<meta name=\"twitter:data1\" content=\"1 minute\" \/>\n<script type=\"application\/ld+json\" class=\"yoast-schema-graph\">{\"@context\":\"https:\\\/\\\/schema.org\",\"@graph\":[{\"@type\":\"WebPage\",\"@id\":\"https:\\\/\\\/vatelier.fr\\\/index.php\\\/liste-des-materiaux\\\/\",\"url\":\"https:\\\/\\\/vatelier.fr\\\/index.php\\\/liste-des-materiaux\\\/\",\"name\":\"liste des mat\u00e9riaux r\u00e9cup\u00e9r\u00e9s - Valence Atelier Libre\",\"isPartOf\":{\"@id\":\"https:\\\/\\\/vatelier.fr\\\/#website\"},\"datePublished\":\"2017-07-24T21:27:25+00:00\",\"dateModified\":\"2020-03-30T13:45:47+00:00\",\"breadcrumb\":{\"@id\":\"https:\\\/\\\/vatelier.fr\\\/index.php\\\/liste-des-materiaux\\\/#breadcrumb\"},\"inLanguage\":\"fr-FR\",\"potentialAction\":[{\"@type\":\"ReadAction\",\"target\":[\"https:\\\/\\\/vatelier.fr\\\/index.php\\\/liste-des-materiaux\\\/\"]}]},{\"@type\":\"BreadcrumbList\",\"@id\":\"https:\\\/\\\/vatelier.fr\\\/index.php\\\/liste-des-materiaux\\\/#breadcrumb\",\"itemListElement\":[{\"@type\":\"ListItem\",\"position\":1,\"name\":\"Accueil\",\"item\":\"https:\\\/\\\/vatelier.fr\\\/\"},{\"@type\":\"ListItem\",\"position\":2,\"name\":\"liste des mat\u00e9riaux r\u00e9cup\u00e9r\u00e9s\"}]},{\"@type\":\"WebSite\",\"@id\":\"https:\\\/\\\/vatelier.fr\\\/#website\",\"url\":\"https:\\\/\\\/vatelier.fr\\\/\",\"name\":\"Valence Atelier Libre\",\"description\":\"Association de partage de savoir-faire\",\"publisher\":{\"@id\":\"https:\\\/\\\/vatelier.fr\\\/#organization\"},\"potentialAction\":[{\"@type\":\"SearchAction\",\"target\":{\"@type\":\"EntryPoint\",\"urlTemplate\":\"https:\\\/\\\/vatelier.fr\\\/?s={search_term_string}\"},\"query-input\":{\"@type\":\"PropertyValueSpecification\",\"valueRequired\":true,\"valueName\":\"search_term_string\"}}],\"inLanguage\":\"fr-FR\"},{\"@type\":\"Organization\",\"@id\":\"https:\\\/\\\/vatelier.fr\\\/#organization\",\"name\":\"Valence Atelier Libre\",\"url\":\"https:\\\/\\\/vatelier.fr\\\/\",\"logo\":{\"@type\":\"ImageObject\",\"inLanguage\":\"fr-FR\",\"@id\":\"https:\\\/\\\/vatelier.fr\\\/#\\\/schema\\\/logo\\\/image\\\/\",\"url\":\"http:\\\/\\\/vatelier.fr\\\/wp-content\\\/uploads\\\/2016\\\/02\\\/logo-jeanne.png\",\"contentUrl\":\"http:\\\/\\\/vatelier.fr\\\/wp-content\\\/uploads\\\/2016\\\/02\\\/logo-jeanne.png\",\"width\":906,\"height\":843,\"caption\":\"Valence Atelier Libre\"},\"image\":{\"@id\":\"https:\\\/\\\/vatelier.fr\\\/#\\\/schema\\\/logo\\\/image\\\/\"}}]}<\/script>\n<!-- \/ Yoast SEO plugin. -->","yoast_head_json":{"title":"liste des mat\u00e9riaux r\u00e9cup\u00e9r\u00e9s - Valence Atelier Libre","robots":{"index":"index","follow":"follow","max-snippet":"max-snippet:-1","max-image-preview":"max-image-preview:large","max-video-preview":"max-video-preview:-1"},"canonical":"https:\/\/vatelier.fr\/index.php\/liste-des-materiaux\/","og_locale":"fr_FR","og_type":"article","og_title":"liste des mat\u00e9riaux r\u00e9cup\u00e9r\u00e9s - Valence Atelier Libre","og_description":"La Mat\u00e9riauth\u00e8que de l&rsquo;Atelier Libre r\u00e9cup\u00e8re et met \u00e0 disposition tous types de mat\u00e9riaux, objets et outils n\u00e9cessaires au bricolage, \u00e0 la construction, am\u00e9nagement, r\u00e9novation-r\u00e9paration, d\u00e9coration et jardinage. Une mat\u00e9riauth\u00e8que [&hellip;]","og_url":"https:\/\/vatelier.fr\/index.php\/liste-des-materiaux\/","og_site_name":"Valence Atelier Libre","article_modified_time":"2020-03-30T13:45:47+00:00","twitter_card":"summary_large_image","twitter_misc":{"Dur\u00e9e de lecture estim\u00e9e":"1 minute"},"schema":{"@context":"https:\/\/schema.org","@graph":[{"@type":"WebPage","@id":"https:\/\/vatelier.fr\/index.php\/liste-des-materiaux\/","url":"https:\/\/vatelier.fr\/index.php\/liste-des-materiaux\/","name":"liste des mat\u00e9riaux r\u00e9cup\u00e9r\u00e9s - Valence Atelier Libre","isPartOf":{"@id":"https:\/\/vatelier.fr\/#website"},"datePublished":"2017-07-24T21:27:25+00:00","dateModified":"2020-03-30T13:45:47+00:00","breadcrumb":{"@id":"https:\/\/vatelier.fr\/index.php\/liste-des-materiaux\/#breadcrumb"},"inLanguage":"fr-FR","potentialAction":[{"@type":"ReadAction","target":["https:\/\/vatelier.fr\/index.php\/liste-des-materiaux\/"]}]},{"@type":"BreadcrumbList","@id":"https:\/\/vatelier.fr\/index.php\/liste-des-materiaux\/#breadcrumb","itemListElement":[{"@type":"ListItem","position":1,"name":"Accueil","item":"https:\/\/vatelier.fr\/"},{"@type":"ListItem","position":2,"name":"liste des mat\u00e9riaux r\u00e9cup\u00e9r\u00e9s"}]},{"@type":"WebSite","@id":"https:\/\/vatelier.fr\/#website","url":"https:\/\/vatelier.fr\/","name":"Valence Atelier Libre","description":"Association de partage de savoir-faire","publisher":{"@id":"https:\/\/vatelier.fr\/#organization"},"potentialAction":[{"@type":"SearchAction","target":{"@type":"EntryPoint","urlTemplate":"https:\/\/vatelier.fr\/?s={search_term_string}"},"query-input":{"@type":"PropertyValueSpecification","valueRequired":true,"valueName":"search_term_string"}}],"inLanguage":"fr-FR"},{"@type":"Organization","@id":"https:\/\/vatelier.fr\/#organization","name":"Valence Atelier Libre","url":"https:\/\/vatelier.fr\/","logo":{"@type":"ImageObject","inLanguage":"fr-FR","@id":"https:\/\/vatelier.fr\/#\/schema\/logo\/image\/","url":"http:\/\/vatelier.fr\/wp-content\/uploads\/2016\/02\/logo-jeanne.png","contentUrl":"http:\/\/vatelier.fr\/wp-content\/uploads\/2016\/02\/logo-jeanne.png","width":906,"height":843,"caption":"Valence Atelier Libre"},"image":{"@id":"https:\/\/vatelier.fr\/#\/schema\/logo\/image\/"}}]}},"_links":{"self":[{"href":"https:\/\/vatelier.fr\/index.php\/wp-json\/wp\/v2\/pages\/829","targetHints":{"allow":["GET"]}}],"collection":[{"href":"https:\/\/vatelier.fr\/index.php\/wp-json\/wp\/v2\/pages"}],"about":[{"href":"https:\/\/vatelier.fr\/index.php\/wp-json\/wp\/v2\/types\/page"}],"author":[{"embeddable":true,"href":"https:\/\/vatelier.fr\/index.php\/wp-json\/wp\/v2\/users\/1"}],"replies":[{"embeddable":true,"href":"https:\/\/vatelier.fr\/index.php\/wp-json\/wp\/v2\/comments?post=829"}],"version-history":[{"count":38,"href":"https:\/\/vatelier.fr\/index.php\/wp-json\/wp\/v2\/pages\/829\/revisions"}],"predecessor-version":[{"id":1458,"href":"https:\/\/vatelier.fr\/index.php\/wp-json\/wp\/v2\/pages\/829\/revisions\/1458"}],"wp:attachment":[{"href":"https:\/\/vatelier.fr\/index.php\/wp-json\/wp\/v2\/media?parent=829"}],"curies":[{"name":"wp","href":"https:\/\/api.w.org\/{rel}","templated":true}]}}